{"id":200,"date":"2022-03-29T14:45:42","date_gmt":"2022-03-29T12:45:42","guid":{"rendered":"http:\/\/affable59.fr\/dj419799-ovh\/?page_id=200"},"modified":"2022-08-29T11:30:40","modified_gmt":"2022-08-29T09:30:40","slug":"le-projet-de-vie-le-projet-daccueil-personnalise","status":"publish","type":"page","link":"https:\/\/affable59.fr\/dj419799-ovh\/index.php\/le-projet-de-vie-le-projet-daccueil-personnalise\/","title":{"rendered":"Le projet de vie \/ Le\u00a0Projet d\u2019Accueil\u00a0Personnalis\u00e9"},"content":{"rendered":"\n<div class=\"wp-block-media-text alignwide is-stacked-on-mobile\"><figure class=\"wp-block-media-text__media\"><img loading=\"lazy\" decoding=\"async\" width=\"260\" height=\"173\" src=\"http:\/\/affable59.fr\/dj419799-ovh\/wp-content\/uploads\/2022\/03\/wp56baa680_05_06-1.jpg\" alt=\"\" class=\"wp-image-166 size-full\"\/><\/figure><div class=\"wp-block-media-text__content\">\n<p class=\"has-medium-font-size\">Je retiens :<\/p>\n\n\n\n<p>Le projet de vie et \/ ou le <strong>P<\/strong>rojet de d&#8217;<strong>A<\/strong>ccueil <strong>P<\/strong>ersonnalis\u00e9 d\u00e9finit les objectifs qualitatifs de l&#8217;accueil.<\/p>\n<\/div><\/div>\n\n\n\n<p><\/p>\n\n\n\n<p>Si le contrat d\u2019accueil pr\u00e9cise les modalit\u00e9s et les conditions de l\u2019accueil, le projet de vie est un plan d&#8217;action visant \u00e0 pr\u00e9venir la d\u00e9t\u00e9rioration de l&#8217;\u00e9tat des pensionnaires, &nbsp;d&#8217;emp\u00eacher ou de ralentir leur perte d&#8217;autonomie, physique ou psychique. <\/p>\n\n\n\n<p>Le meilleur projet de vie serait d\u2019augmenter leur autonomie.<\/p>\n\n\n\n<p>Ce projet de vie vise \u00e9galement, au-del\u00e0 des actions individuelles , \u00e0 stimuler la participation des pensionnaires \u00e0 la collectivit\u00e9 et \u00e0 maintenir leur vie sociale aussi riche que possible.<\/p>\n\n\n\n<p class=\"has-pale-cyan-blue-background-color has-background\">Prendre du temps pour d\u00e9finir <strong>sur papier<\/strong> le P.A.P. est une obligation l\u00e9gale, c&#8217;est un gage de s\u00e9rieux et \u00e9vite tout malentendu concernant l\u2019engagement et l\u2019investissement de l\u2019accueillant(e). Soyez vigilant&#8230; si &#8220;tout est dit&#8221; dans la phase de mise en relation,  le restituer par \u00e9crit \u00e9vite tout litige ult\u00e9rieur.<\/p>\n","protected":false},"excerpt":{"rendered":"<p>Je retiens : Le projet de vie et \/ ou le Projet de d&#8217;Accueil Personnalis\u00e9 d\u00e9finit les objectifs qualitatifs de l&#8217;accueil. Si le contrat d\u2019accueil pr\u00e9cise les modalit\u00e9s et les conditions de l\u2019accueil, le projet de vie est un plan d&#8217;action visant \u00e0 pr\u00e9venir la d\u00e9t\u00e9rioration de l&#8217;\u00e9tat des pensionnaires, &nbsp;d&#8217;emp\u00eacher ou de ralentir leur [&hellip;]<\/p>\n","protected":false},"author":1,"featured_media":0,"parent":0,"menu_order":0,"comment_status":"closed","ping_status":"closed","template":"","meta":{"footnotes":""},"_links":{"self":[{"href":"https:\/\/affable59.fr\/dj419799-ovh\/index.php\/wp-json\/wp\/v2\/pages\/200"}],"collection":[{"href":"https:\/\/affable59.fr\/dj419799-ovh\/index.php\/wp-json\/wp\/v2\/pages"}],"about":[{"href":"https:\/\/affable59.fr\/dj419799-ovh\/index.php\/wp-json\/wp\/v2\/types\/page"}],"author":[{"embeddable":true,"href":"https:\/\/affable59.fr\/dj419799-ovh\/index.php\/wp-json\/wp\/v2\/users\/1"}],"replies":[{"embeddable":true,"href":"https:\/\/affable59.fr\/dj419799-ovh\/index.php\/wp-json\/wp\/v2\/comments?post=200"}],"version-history":[{"count":4,"href":"https:\/\/affable59.fr\/dj419799-ovh\/index.php\/wp-json\/wp\/v2\/pages\/200\/revisions"}],"predecessor-version":[{"id":338,"href":"https:\/\/affable59.fr\/dj419799-ovh\/index.php\/wp-json\/wp\/v2\/pages\/200\/revisions\/338"}],"wp:attachment":[{"href":"https:\/\/affable59.fr\/dj419799-ovh\/index.php\/wp-json\/wp\/v2\/media?parent=200"}],"curies":[{"name":"wp","href":"https:\/\/api.w.org\/{rel}","templated":true}]}}