{"id":205,"date":"2022-03-29T15:15:21","date_gmt":"2022-03-29T13:15:21","guid":{"rendered":"http:\/\/affable59.fr\/dj419799-ovh\/?page_id=205"},"modified":"2022-08-30T18:40:53","modified_gmt":"2022-08-30T16:40:53","slug":"je-recherche-une-famille-daccueil","status":"publish","type":"page","link":"https:\/\/affable59.fr\/dj419799-ovh\/index.php\/je-recherche-une-famille-daccueil\/","title":{"rendered":"Je recherche un accueil familial"},"content":{"rendered":"\n<p>Rechercher un Accueil familial (une famille d&#8217;accueil) n&#8217;est pas si compliqu\u00e9&#8230; ce qui difficile c&#8217;est de trouver <strong>LA<\/strong> bonne famille d&#8217;accueil. Pourquoi ? <\/p>\n\n\n\n<p>Chaque famille d&#8217;accueil est diff\u00e9rente, celle-ci d\u00e9finie son engagement, son implication en fonction de sa propre famille , de sa comp\u00e9tence et de sa disponibilit\u00e9. L&#8217;accueillant  familial s&#8217;engage diff\u00e9remment selon le profil de la personne a accueillir, selon que celle-ci soit en situation de handicap ou qu&#8217;elle soit \u00e2g\u00e9e pr\u00e9sentant de multiples pathologies. Pour l&#8217;accueillant familial , rechercher l&#8217;harmonie dans sa maison est le but en associant \u00e9ventuellement des personnes \u00e2g\u00e9es et\/ou adultes en situation de handicap. C&#8217;est l&#8217;accueillant et les personnes d\u00e9j\u00e0 accueillies qui choisiront avec qui ils feront un bout de chemin voire partager l&#8217;habitat pendant des d\u00e9cennies.<\/p>\n\n\n\n<p><\/p>\n\n\n\n<p>Ne pas tenir compte de ses sp\u00e9cificit\u00e9s vous entrainera irr\u00e9m\u00e9diablement \u00e0 l&#8217;\u00e9chec qui laissera des traces dans la sant\u00e9 mentale de la personne accueillie. <\/p>\n\n\n\n<p>La mise en relation, les premiers contacts sont d\u00e9terminants et doivent vous conduire a poser  &#8220;cartes sur table&#8221; les bonnes questions et a d\u00e9terminer non seulement l&#8217;environnement, la famille, la maison mais surtout l&#8217;implication de l&#8217;accueillant(e).<\/p>\n\n\n\n<p>\u00catre accueillant familial c&#8217;est \u00eatre agr\u00e9\u00e9 par le D\u00e9partement qui est garant du bon fonctionnement de l&#8217;accueil.   <\/p>\n\n\n\n<figure class=\"wp-block-image size-full is-resized\"><img loading=\"lazy\" decoding=\"async\" src=\"http:\/\/affable59.fr\/dj419799-ovh\/wp-content\/uploads\/2022\/04\/Mains-HBGM.jpg\" alt=\"\" class=\"wp-image-230\" width=\"483\" height=\"322\" srcset=\"https:\/\/affable59.fr\/dj419799-ovh\/wp-content\/uploads\/2022\/04\/Mains-HBGM.jpg 847w, https:\/\/affable59.fr\/dj419799-ovh\/wp-content\/uploads\/2022\/04\/Mains-HBGM-300x200.jpg 300w, https:\/\/affable59.fr\/dj419799-ovh\/wp-content\/uploads\/2022\/04\/Mains-HBGM-768x512.jpg 768w\" sizes=\"(max-width: 483px) 100vw, 483px\" \/><\/figure>\n\n\n\n<p class=\"has-black-color has-pale-cyan-blue-background-color has-text-color has-background\"><strong>Vous l&#8217;avez compris, ce n&#8217;est pas si simple de trouver LA bonne famille d&#8217;accueil :<\/strong> Faites confiance  au r\u00e9seau d&#8217;Affable59 , confiez nous votre recherche. Nous ne sommes en aucun cas une agence de placement, nous assurons uniquement la promotion de l&#8217;accueil familial. <\/p>\n\n\n\n<p>D\u00e8s lors que vous aurez pris contact avec l&#8217;accueillant de votre choix, la personne a accueillir deviendra  particulier employeur de son accueillant(e) et devra forcement r\u00e9pondre aux nombreuses obligations l\u00e9gales d&#8217;employeur.<\/p>\n\n\n\n<p class=\"has-medium-font-size\"><strong>Ayez en t\u00eate cette belle formule : les devoirs des uns sont les droits des autres   <\/strong><\/p>\n\n\n\n<p class=\"has-black-color has-text-color\">C&#8217;est \u00e0 ce titre que le bureau d&#8217;Affable59 \u00e0 \u00e9diter <strong>un contrat d&#8217;assistance administrative<\/strong> pour vous simplifier l&#8217;accueil familial, \u00e9tablir les relev\u00e9s des contreparties financi\u00e8res,  vous guidez dans le montage financier de l&#8217;accueil et surtout vous conseiller dans une kyrielle d&#8217;obligations. <a href=\"http:\/\/affable59.fr\/dj419799-ovh\/index.php\/se-simplifier-laccueil-familial\/\" data-type=\"URL\" data-id=\"http:\/\/affable59.fr\/dj419799-ovh\/index.php\/se-simplifier-laccueil-familial\/\">Voir la page suivante et la documentation <\/a> <\/p>\n\n\n\n<p><br>Un premier contact par t\u00e9l\u00e9phone 06 58 23 05 44 le Mardi et Jeudi Apr\u00e8s-Midi de 14h \u00e0 18h ou via le formulaire ci-dessous<\/p>\n\n\n\n<div class=\"wp-block-contact-form-7-contact-form-selector\"><div role=\"form\" class=\"wpcf7\" id=\"wpcf7-f204-o1\" lang=\"fr-FR\" dir=\"ltr\">\n<div class=\"screen-reader-response\"><p role=\"status\" aria-live=\"polite\" aria-atomic=\"true\"><\/p> <ul><\/ul><\/div>\n<form action=\"\/dj419799-ovh\/index.php\/wp-json\/wp\/v2\/pages\/205#wpcf7-f204-o1\" method=\"post\" class=\"wpcf7-form init\" novalidate=\"novalidate\" data-status=\"init\">\n<div style=\"display: none;\">\n<input type=\"hidden\" name=\"_wpcf7\" value=\"204\" \/>\n<input type=\"hidden\" name=\"_wpcf7_version\" value=\"5.6.2\" \/>\n<input type=\"hidden\" name=\"_wpcf7_locale\" value=\"fr_FR\" \/>\n<input type=\"hidden\" name=\"_wpcf7_unit_tag\" value=\"wpcf7-f204-o1\" \/>\n<input type=\"hidden\" name=\"_wpcf7_container_post\" value=\"0\" \/>\n<input type=\"hidden\" name=\"_wpcf7_posted_data_hash\" value=\"\" \/>\n<\/div>\n<p><label> Votre nom<br \/>\n    <span class=\"wpcf7-form-control-wrap\" data-name=\"your-name\"><input type=\"text\" name=\"your-name\" value=\"\" size=\"40\" class=\"wpcf7-form-control wpcf7-text wpcf7-validates-as-required\" aria-required=\"true\" aria-invalid=\"false\" \/><\/span> <\/label><\/p>\n<p><label> Votre e-mail<br \/>\n    <span class=\"wpcf7-form-control-wrap\" data-name=\"your-email\"><input type=\"email\" name=\"your-email\" value=\"\" size=\"40\" class=\"wpcf7-form-control wpcf7-text wpcf7-email wpcf7-validates-as-required wpcf7-validates-as-email\" aria-required=\"true\" aria-invalid=\"false\" \/><\/span> <\/label><\/p>\n<p><label> Objet<br \/>\n    <span class=\"wpcf7-form-control-wrap\" data-name=\"recherche\"><input type=\"text\" name=\"recherche\" value=\"Je recherche une Famille d&#039;accueil\" size=\"40\" class=\"wpcf7-form-control wpcf7-text\" aria-invalid=\"false\" \/><\/span> <\/label><\/p>\n<p><label> Votre message (facultatif)<br \/>\n    <span class=\"wpcf7-form-control-wrap\" data-name=\"your-message\"><textarea name=\"your-message\" cols=\"40\" rows=\"10\" class=\"wpcf7-form-control wpcf7-textarea\" aria-invalid=\"false\"><\/textarea><\/span> <\/label><\/p>\n<p><input type=\"submit\" value=\"Envoyer\" class=\"wpcf7-form-control has-spinner wpcf7-submit\" \/><\/p>\n<div class=\"wpcf7-response-output\" aria-hidden=\"true\"><\/div><\/form><\/div><\/div>\n","protected":false},"excerpt":{"rendered":"<p>Rechercher un Accueil familial (une famille d&#8217;accueil) n&#8217;est pas si compliqu\u00e9&#8230; ce qui difficile c&#8217;est de trouver LA bonne famille d&#8217;accueil. Pourquoi ? Chaque famille d&#8217;accueil est diff\u00e9rente, celle-ci d\u00e9finie son engagement, son implication en fonction de sa propre famille , de sa comp\u00e9tence et de sa disponibilit\u00e9. L&#8217;accueillant familial s&#8217;engage diff\u00e9remment selon le profil [&hellip;]<\/p>\n","protected":false},"author":1,"featured_media":0,"parent":0,"menu_order":0,"comment_status":"closed","ping_status":"closed","template":"","meta":{"footnotes":""},"_links":{"self":[{"href":"https:\/\/affable59.fr\/dj419799-ovh\/index.php\/wp-json\/wp\/v2\/pages\/205"}],"collection":[{"href":"https:\/\/affable59.fr\/dj419799-ovh\/index.php\/wp-json\/wp\/v2\/pages"}],"about":[{"href":"https:\/\/affable59.fr\/dj419799-ovh\/index.php\/wp-json\/wp\/v2\/types\/page"}],"author":[{"embeddable":true,"href":"https:\/\/affable59.fr\/dj419799-ovh\/index.php\/wp-json\/wp\/v2\/users\/1"}],"replies":[{"embeddable":true,"href":"https:\/\/affable59.fr\/dj419799-ovh\/index.php\/wp-json\/wp\/v2\/comments?post=205"}],"version-history":[{"count":11,"href":"https:\/\/affable59.fr\/dj419799-ovh\/index.php\/wp-json\/wp\/v2\/pages\/205\/revisions"}],"predecessor-version":[{"id":567,"href":"https:\/\/affable59.fr\/dj419799-ovh\/index.php\/wp-json\/wp\/v2\/pages\/205\/revisions\/567"}],"wp:attachment":[{"href":"https:\/\/affable59.fr\/dj419799-ovh\/index.php\/wp-json\/wp\/v2\/media?parent=205"}],"curies":[{"name":"wp","href":"https:\/\/api.w.org\/{rel}","templated":true}]}}