{"id":210,"date":"2022-03-29T15:33:51","date_gmt":"2022-03-29T13:33:51","guid":{"rendered":"http:\/\/affable59.fr\/dj419799-ovh\/?page_id=210"},"modified":"2023-07-27T18:16:23","modified_gmt":"2023-07-27T16:16:23","slug":"devenir-adherent-actif","status":"publish","type":"page","link":"https:\/\/affable59.fr\/dj419799-ovh\/index.php\/espace-pro\/devenir-adherent-actif\/","title":{"rendered":"Espace PRO &#8211; Rejoindre le r\u00e9seau Affable Plus"},"content":{"rendered":"\n<p class=\"has-vivid-red-color has-text-color has-medium-font-size\"><strong>Vous \u00eates accueillant familial agr\u00e9\u00e9 et <\/strong><strong>vous souhaitez rejoindre Affable Plus<\/strong><\/p>\n\n\n\n<figure class=\"wp-block-image size-full\"><img loading=\"lazy\" decoding=\"async\" width=\"567\" height=\"438\" src=\"http:\/\/affable59.fr\/dj419799-ovh\/wp-content\/uploads\/2023\/05\/Logo-AffablePlus.jpg\" alt=\"\" class=\"wp-image-673\" srcset=\"https:\/\/affable59.fr\/dj419799-ovh\/wp-content\/uploads\/2023\/05\/Logo-AffablePlus.jpg 567w, https:\/\/affable59.fr\/dj419799-ovh\/wp-content\/uploads\/2023\/05\/Logo-AffablePlus-300x232.jpg 300w\" sizes=\"(max-width: 567px) 100vw, 567px\" \/><\/figure>\n\n\n\n<ul class=\"has-black-color has-text-color\">\n<li>Cette offre est <strong>r\u00e9serv\u00e9e uniquement aux accueillants familiaux<\/strong> du d\u00e9partement du NORD<\/li>\n\n\n\n<li>L\u2019adh\u00e9sion \u00e0 l\u2019association AFFABLE Plus est valable 12 mois, renouvelable \u00e0 la date anniversaire et sur appel de cotisation<\/li>\n\n\n\n<li>Le prix de l\u2019adh\u00e9sion (inchang\u00e9 depuis le 1er septembre 2019) est de 60 euros.  (Paiement fractionn\u00e9 possible selon modalit\u00e9s, voir ci-dessous)<\/li>\n\n\n\n<li>Un avis et un re\u00e7u vous sera envoy\u00e9 pour confirmation de l\u2019adh\u00e9sion<\/li>\n\n\n\n<li>Adh\u00e9rer au\u00a0<a href=\"http:\/\/affable59.fr\/dj419799-ovh\/index.php\/reglement-interieur\/\" data-type=\"page\" data-id=\"80\">r\u00e8glement int\u00e9rieur<\/a>\u00a0du r\u00e9seau AffablePlus<\/li>\n\n\n\n<li>Enfin respecter le cadre l\u00e9gal notamment le&nbsp;r\u00e9f\u00e9rentiel d\u2019agr\u00e9ment&nbsp;et la&nbsp;<a href=\"http:\/\/affable59.fr\/dj419799-ovh\/index.php\/chartre-de-la-famille-daccueil\/\" data-type=\"page\" data-id=\"141\">charte de la personne accueillie<\/a><\/li>\n<\/ul>\n\n\n\n<h2 class=\"wp-block-heading has-medium-font-size\"><strong>Oui, je suis d\u2019accord et je sollicite mon adh\u00e9sion chez AFFABLE<\/strong>Plus<\/h2>\n\n\n\n<p>Plusieurs possibilit\u00e9s pour payer ma cotisation  :<\/p>\n\n\n\n<ul class=\"has-pale-cyan-blue-background-color has-background\" style=\"font-size:16px\">\n<li>soit par ch\u00e8que (possibilit\u00e9 de nous envoyer 2 ch\u00e8ques de 30 euros, encaissable \u00e0 1 mois d&#8217;intervalle) \u00e0 l&#8217;attention de Affable Plus &#8211; 8 rue Cappel straete &#8211; 59284 PITGAM ( Bergues)<\/li>\n\n\n\n<li>soit par virement (<a rel=\"noreferrer noopener\" href=\"http:\/\/affable59.fr\/dj419799-ovh\/wp-content\/uploads\/2022\/08\/RIB.pdf\" data-type=\"URL\" data-id=\"http:\/\/affable59.fr\/dj419799-ovh\/wp-content\/uploads\/2022\/08\/RIB.pdf\" target=\"_blank\">T\u00e9l\u00e9charger <\/a><a href=\"http:\/\/affable59.fr\/dj419799-ovh\/wp-content\/uploads\/2022\/08\/RIB.pdf\" data-type=\"URL\" data-id=\"http:\/\/affable59.fr\/dj419799-ovh\/wp-content\/uploads\/2022\/08\/RIB.pdf\">le<\/a><a rel=\"noreferrer noopener\" href=\"http:\/\/affable59.fr\/dj419799-ovh\/wp-content\/uploads\/2022\/08\/RIB.pdf\" data-type=\"URL\" data-id=\"http:\/\/affable59.fr\/dj419799-ovh\/wp-content\/uploads\/2022\/08\/RIB.pdf\" target=\"_blank\"> <\/a><a href=\"http:\/\/affable59.fr\/dj419799-ovh\/wp-content\/uploads\/2022\/08\/RIB.pdf\" data-type=\"URL\" data-id=\"http:\/\/affable59.fr\/dj419799-ovh\/wp-content\/uploads\/2022\/08\/RIB.pdf\">RIB<\/a>)<\/li>\n\n\n\n<li>soit par Paypal ou CB : (sans obligation d&#8217;ouverture de compte paypal)<br>Paiement Mensuel (12 mensualit\u00e9s de 6\u20ac soit 72\u20ac\/an) : <a rel=\"noreferrer noopener\" href=\"http:\/\/affable59.fr\/dj419799-ovh\/index.php\/paiement-mensuel\/\" data-type=\"URL\" data-id=\"http:\/\/affable59.fr\/dj419799-ovh\/index.php\/paiement-mensuel\/\" target=\"_blank\">Ici -ouverture dans une nouvelle fen\u00eatre<\/a><br>Paiement fractionn\u00e9 : 4 mensualit\u00e9s de 16\u20ac50 (soit 66\u20ac\/an) : <a rel=\"noreferrer noopener\" href=\"http:\/\/affable59.fr\/dj419799-ovh\/index.php\/paiement-fractionne\/\" data-type=\"URL\" data-id=\"http:\/\/affable59.fr\/dj419799-ovh\/index.php\/paiement-fractionne\/\" target=\"_blank\">Ici -ouverture dans une nouvelle fen\u00eatre<\/a><br>Paiement Annuel 60\u20ac : <a rel=\"noreferrer noopener\" href=\"http:\/\/affable59.fr\/dj419799-ovh\/index.php\/paiement-annuel\/\" data-type=\"URL\" data-id=\"http:\/\/affable59.fr\/dj419799-ovh\/index.php\/paiement-annuel\/\" target=\"_blank\">Ici -ouverture dans une nouvelle fen\u00eatre<\/a><\/li>\n<\/ul>\n\n\n\n<p class=\"has-black-color has-luminous-vivid-amber-background-color has-text-color has-background\">Je compl\u00e8te ci-dessous ma demande d&#8217;adh\u00e9sion. D\u00e8s r\u00e9ception de votre r\u00e8glement , nous reviendrons vers vous pour finaliser votre demande.<\/p>\n\n\n\n<div class=\"wp-block-contact-form-7-contact-form-selector\"><div role=\"form\" class=\"wpcf7\" id=\"wpcf7-f434-o1\" lang=\"fr-FR\" dir=\"ltr\">\n<div class=\"screen-reader-response\"><p role=\"status\" aria-live=\"polite\" aria-atomic=\"true\"><\/p> <ul><\/ul><\/div>\n<form action=\"\/dj419799-ovh\/index.php\/wp-json\/wp\/v2\/pages\/210#wpcf7-f434-o1\" method=\"post\" class=\"wpcf7-form init\" novalidate=\"novalidate\" data-status=\"init\">\n<div style=\"display: none;\">\n<input type=\"hidden\" name=\"_wpcf7\" value=\"434\" \/>\n<input type=\"hidden\" name=\"_wpcf7_version\" value=\"5.6.2\" \/>\n<input type=\"hidden\" name=\"_wpcf7_locale\" value=\"fr_FR\" \/>\n<input type=\"hidden\" name=\"_wpcf7_unit_tag\" value=\"wpcf7-f434-o1\" \/>\n<input type=\"hidden\" name=\"_wpcf7_container_post\" value=\"0\" \/>\n<input type=\"hidden\" name=\"_wpcf7_posted_data_hash\" value=\"\" \/>\n<\/div>\n<p><label> Votre nom et pr\u00e9nom<br \/>\n    <span class=\"wpcf7-form-control-wrap\" data-name=\"your-name\"><input type=\"text\" name=\"your-name\" value=\"\" size=\"40\" class=\"wpcf7-form-control wpcf7-text wpcf7-validates-as-required\" aria-required=\"true\" aria-invalid=\"false\" \/><\/span> <\/label><\/p>\n<p><label> Votre e-mail<br \/>\n    <span class=\"wpcf7-form-control-wrap\" data-name=\"your-email\"><input type=\"email\" name=\"your-email\" value=\"\" size=\"40\" class=\"wpcf7-form-control wpcf7-text wpcf7-email wpcf7-validates-as-required wpcf7-validates-as-email\" aria-required=\"true\" aria-invalid=\"false\" \/><\/span> <\/label><\/p>\n<p><label> Votre adresse<br \/>\n    <span class=\"wpcf7-form-control-wrap\" data-name=\"your-subject\"><input type=\"text\" name=\"your-subject\" value=\"\" size=\"40\" class=\"wpcf7-form-control wpcf7-text wpcf7-validates-as-required\" aria-required=\"true\" aria-invalid=\"false\" \/><\/span> <\/label><\/p>\n<p><label> Votre message (facultatif)<br \/>\n    <span class=\"wpcf7-form-control-wrap\" data-name=\"your-message\"><textarea name=\"your-message\" cols=\"40\" rows=\"10\" class=\"wpcf7-form-control wpcf7-textarea\" aria-invalid=\"false\"><\/textarea><\/span> <\/label><\/p>\n<p><input type=\"submit\" value=\"Envoyer\" class=\"wpcf7-form-control has-spinner wpcf7-submit\" \/><\/p>\n<div class=\"wpcf7-response-output\" aria-hidden=\"true\"><\/div><\/form><\/div><\/div>\n\n\n","protected":false},"excerpt":{"rendered":"<p>Vous \u00eates accueillant familial agr\u00e9\u00e9 et vous souhaitez rejoindre Affable Plus Oui, je suis d\u2019accord et je sollicite mon adh\u00e9sion chez AFFABLEPlus Plusieurs possibilit\u00e9s pour payer ma cotisation : Je compl\u00e8te ci-dessous ma demande d&#8217;adh\u00e9sion. D\u00e8s r\u00e9ception de votre r\u00e8glement , nous reviendrons vers vous pour finaliser votre demande.<\/p>\n","protected":false},"author":2,"featured_media":0,"parent":392,"menu_order":0,"comment_status":"closed","ping_status":"closed","template":"","meta":{"footnotes":""},"_links":{"self":[{"href":"https:\/\/affable59.fr\/dj419799-ovh\/index.php\/wp-json\/wp\/v2\/pages\/210"}],"collection":[{"href":"https:\/\/affable59.fr\/dj419799-ovh\/index.php\/wp-json\/wp\/v2\/pages"}],"about":[{"href":"https:\/\/affable59.fr\/dj419799-ovh\/index.php\/wp-json\/wp\/v2\/types\/page"}],"author":[{"embeddable":true,"href":"https:\/\/affable59.fr\/dj419799-ovh\/index.php\/wp-json\/wp\/v2\/users\/2"}],"replies":[{"embeddable":true,"href":"https:\/\/affable59.fr\/dj419799-ovh\/index.php\/wp-json\/wp\/v2\/comments?post=210"}],"version-history":[{"count":35,"href":"https:\/\/affable59.fr\/dj419799-ovh\/index.php\/wp-json\/wp\/v2\/pages\/210\/revisions"}],"predecessor-version":[{"id":693,"href":"https:\/\/affable59.fr\/dj419799-ovh\/index.php\/wp-json\/wp\/v2\/pages\/210\/revisions\/693"}],"up":[{"embeddable":true,"href":"https:\/\/affable59.fr\/dj419799-ovh\/index.php\/wp-json\/wp\/v2\/pages\/392"}],"wp:attachment":[{"href":"https:\/\/affable59.fr\/dj419799-ovh\/index.php\/wp-json\/wp\/v2\/media?parent=210"}],"curies":[{"name":"wp","href":"https:\/\/api.w.org\/{rel}","templated":true}]}}