{"id":3,"date":"2022-03-14T17:30:33","date_gmt":"2022-03-14T16:30:33","guid":{"rendered":"http:\/\/affable59.fr\/dj419799-ovh\/?page_id=3"},"modified":"2022-03-23T10:37:36","modified_gmt":"2022-03-23T09:37:36","slug":"politique-de-confidentialite","status":"publish","type":"page","link":"https:\/\/affable59.fr\/dj419799-ovh\/index.php\/politique-de-confidentialite\/","title":{"rendered":"Politique de confidentialit\u00e9 &#8211; Conditions g\u00e9n\u00e9rales d&#8217;utilisation du site"},"content":{"rendered":"\n<p>Conform\u00e9ment \u00e0 la loi nous avions d\u00e9j\u00e0 proc\u00e9d\u00e9 \u00e0 une d\u00e9claration de notre site Web aupr\u00e8s de la Commission Nationale Informatique et libert\u00e9s (CNIL) sous le num\u00e9ro N\u00b0 1471722v0.<\/p>\n\n\n\n<p>Afin d&#8217;\u00eatre conforme aux changements apport\u00e9s par la nouvelle r\u00e8glementation europ\u00e9enne relative \u00e0 la protection des donn\u00e9es personnelles (loi RGPD du 25 mai 2018) et dans le cadre de notre engagement de transparence, nous avons mis en place une politique de confidentialit\u00e9 concernant toutes les informations recueillies en visitant notre site internet<a href=\"http:\/\/www.affable59.fr\/\" target=\"_blank\" rel=\"noreferrer noopener\">&nbsp;www.affable59.fr<\/a><\/p>\n\n\n\n<p>En utilisant notre site, vous acceptez notre politique de confidentialit\u00e9.<\/p>\n\n\n\n<h2 class=\"wp-block-heading\">1. Autorit\u00e9 responsable<\/h2>\n\n\n\n<p>&nbsp;L&#8217;autorit\u00e9 responsable du traitement des donn\u00e9es est : Association AFFABLE59 &#8211;&nbsp;8 Cappel straete 59284 PITGAM<\/p>\n\n\n\n<p>si vous avez des questions ou des commentaires concernant notre politique sur la protection des donn\u00e9es personnelles , vous pouvez nous contacter \u00e0 l\u2019adresse e-mail affable59@gmail;com ou bien contacter, par courrier, notre d\u00e9l\u00e9gu\u00e9 \u00e0 la protection des donn\u00e9es : Jean-Paul Degheselle 8 Cappel straete 59284 PITGAM<\/p>\n\n\n\n<h2 class=\"wp-block-heading\">2. Objectif des traitements de donn\u00e9es<\/h2>\n\n\n\n<p>Nous recueillons et traitons les donn\u00e9es pour les raisons suivantes :<\/p>\n\n\n\n<ul><li>&nbsp;Assurer la fonctionnalit\u00e9 et la performance de notre site internet, notre secr\u00e9tariat et bureau social.<\/li><li>&nbsp;Administrer les dispositifs et services mis en place par l\u2019association Affable59 \u00e0 l\u2019attention de nos adh\u00e9rents .<\/li><li>&nbsp;Transmettre notre newsletter, \u00e0 condition que vous ayez accept\u00e9 de les recevoir.<\/li><\/ul>\n\n\n\n<h2 class=\"wp-block-heading\">3. Donn\u00e9es enregistr\u00e9es<\/h2>\n\n\n\n<p>Il est possible de consulter notre site internet sans fournir de donn\u00e9es personnelles.<\/p>\n\n\n\n<p>Pour obtenir une meilleure performance et pour garantir la fonctionnalit\u00e9 de notre site, nous traitons les donn\u00e9es qui nous sont transmises par votre navigateur Internet. Celles-ci incluent la date et l&#8217;heure de votre visite sur notre site, les param\u00e8tres du navigateur, le syst\u00e8me d&#8217;exploitation et l&#8217;adresse IP.<\/p>\n\n\n\n<p>Pour les demandes de contact, sont notamment enregistr\u00e9es dans le formulaire votre nom, pr\u00e9nom, adresse e-mail, t\u00e9l\u00e9phone et commentaire\/message.<\/p>\n\n\n\n<p>Pour vous envoyer des informations et des offres via notre newsletter, nous avons besoin de votre adresse e-mail.<\/p>\n\n\n\n<p>Conform\u00e9ment \u00e0 la R\u00e8glementation RGPD, les cases obligatoires figurant dans nos formulaires doivent \u00eatre coch\u00e9es par vos soins. Elles servent \u00e0 recueillir votre volont\u00e9 \u00e0 accepter l&#8217;utilisation de ses donn\u00e9es personnelles.<\/p>\n\n\n\n<p>Vous pouvez consulter et modifier votre adhesion \u00e0 notre association &nbsp;directement depuis votre espace personnel.<\/p>\n\n\n\n<h2 class=\"wp-block-heading\">4. S\u00e9curit\u00e9 des donn\u00e9es<\/h2>\n\n\n\n<p>Pour prot\u00e9ger vos donn\u00e9es personnelles, toutes les commandes et les transactions de paiement qui nous parviennent via notre site web sont trait\u00e9es avec un cryptage s\u00e9curis\u00e9 HTTPS utilisant un cryptage de pointe (SSL \/ TLS).<\/p>\n\n\n\n<p>Cette transmission s\u00e9curis\u00e9e est visible dans la barre d&#8217;adresse de la fen\u00eatre de votre navigateur avec la mention https et le symbole de verrouillage symbolis\u00e9 par un cadenas.<\/p>\n\n\n\n<p>Chaques informations que nous recueillons en ligne sont prot\u00e9g\u00e9es sur nos serveurs informatique par des protocoles de cryptages s\u00e9curis\u00e9.<\/p>\n\n\n\n<p>L&#8217;acc\u00e8s aux donn\u00e9es personnelles est strictement limit\u00e9 aux responsables des services, habilit\u00e9s \u00e0 les traiter en raison de leurs fonctions.<\/p>\n\n\n\n<p>Nous ne divulguons ni ne vendons aucun de vos renseignements personnels \u00e0 personne.<\/p>\n\n\n\n<p>L&#8217;acc\u00e8s \u00e0 votre compte personnel est assur\u00e9 par un mot de passe personnel crypt\u00e9 inaccessible. Pour des raisons de s\u00e9curit\u00e9, vous \u00eates seul \u00e0 le connaitre.<\/p>\n\n\n\n<p>En cas d&#8217;oubli, il est possible d&#8217;en reg\u00e9n\u00e9rer un nouveau.<\/p>\n\n\n\n<h2 class=\"wp-block-heading\">5. Droits d&#8217;acc\u00e8s<\/h2>\n\n\n\n<p>Vous avez le droit de demander, \u00e0 tout moment, des informations sur les donn\u00e9es personnelles que nous d\u00e9tenons \u00e0 votre sujet et de demander la correction, la suppression ou la restriction du traitement de ces donn\u00e9es.<\/p>\n\n\n\n<p>Pour faire valoir ces droits, veuillez contacter notre d\u00e9l\u00e9gu\u00e9 \u00e0 la protection des donn\u00e9es par email \u00e0<a href=\"mailto:Affable59@gmail.com\">&nbsp;Affable59@gmail.com<\/a><\/p>\n\n\n\n<h2 class=\"wp-block-heading\">6. Utilisation des Cookies<\/h2>\n\n\n\n<p>Lorsque vous vous connectez \u00e0 notre site, nous pouvons \u00eatre amen\u00e9s, sous r\u00e9serve de vos choix \u00e0 d\u00e9poser des cookies sur votre navigateur internet.<\/p>\n\n\n\n<p>Les cookies sont des petits fichiers texte transmis par notre serveur \u00e0 votre navigateur lors de votre visite sur notre site web et qui sont temporairement stock\u00e9s sur votre ordinateur pour une r\u00e9cup\u00e9ration ult\u00e9rieure.<\/p>\n\n\n\n<p>L&#8217;objectif de ces cookies est de continuer \u00e0 reconna\u00eetre votre ordinateur lors de votre visite sur notre site web,<\/p>\n\n\n\n<p>Vous pouvez d\u00e9sactiver l&#8217;utilisation des cookies \u00e0 tout moment via les param\u00e8tres de votre navigateur. Veuillez utiliser les fonctions d&#8217;aide de votre navigateur Internet pour savoir comment modifier ces param\u00e8tres.<\/p>\n\n\n\n<h2 class=\"wp-block-heading\">&nbsp;<strong>7. Newsletter<\/strong><\/h2>\n\n\n\n<p>Vous avez la possibilit\u00e9 de recevoir des informations sur l\u2019accueil familial en vous inscrivant \u00e0 notre newsletter.<\/p>\n\n\n\n<p>Apr\u00e8s nous avoir communiqu\u00e9 votre adresse e-mail, nous vous enverrons un e-mail de confirmation.<\/p>\n\n\n\n<p>Le traitement des donn\u00e9es dans le contexte de la newsletter est bas\u00e9 sur votre consentement.<\/p>\n\n\n\n<p>Vous avez le droit de vous d\u00e9sabonner en bas de page sur toutes nos newsletter ou \u00e0 tout moment depuis votre espace personnel.<\/p>\n\n\n\n<h2 class=\"wp-block-heading\">8. E-mails transactionnels<\/h2>\n\n\n\n<p>Si vous avez effectu\u00e9 une transaction depuis notre site internet pour r\u00e9gler une adh\u00e9sion , notre site &nbsp;vous enverra un e-mail de confirmation r\u00e9capitulatif, contenant toutes les informations n\u00e9cessaires au traitement de votre commande.<\/p>\n\n\n\n<h2 class=\"wp-block-heading\">9. Autres liens<\/h2>\n\n\n\n<p>Notre site web peut contenir des liens vers d&#8217;autres plateformes internet. Si vous \u00eates redirig\u00e9 vers un autre site en cliquant sur l&#8217;un des liens, la politique de confidentialit\u00e9 d\u2019Affable59 ne s&#8217;applique plus, mais celle du site web visit\u00e9.<\/p>\n\n\n\n<h2 class=\"wp-block-heading\">10. Mise en conformit\u00e9<\/h2>\n\n\n\n<p>Nous nous r\u00e9servons le droit de modifier \u00e0 tout moment, sans pr\u00e9avis cette politique de confidentialit\u00e9 afin de l&#8217;adapter aux nouvelles fonctionnalit\u00e9s du site ou aux modifications de la loi.<\/p>\n\n\n\n<p>Mise \u00e0 jour le 26\/05\/2018 &#8211;&nbsp;Affable59<\/p>\n\n\n\n<h2 class=\"wp-block-heading\">11. Mentions l\u00e9gales<\/h2>\n\n\n\n<p>Nom de domaine du site concern\u00e9 par ces mentions l\u00e9gales. www.affable59.fr<\/p>\n\n\n\n<p>Propri\u00e9taire du site : Affable59<\/p>\n\n\n\n<p>Statut du propri\u00e9taire du site : Association loi 1901<\/p>\n\n\n\n<p>Adresse postale du propri\u00e9taire: Affable59 8 Cappel straete 59284 PITGAM<\/p>\n\n\n\n<p>Nom du cr\u00e9ateur du site : Jean Paul Degheselle<\/p>\n\n\n\n<p>Url du cr\u00e9ateur du site : www.affable59.fr<\/p>\n\n\n\n<p>Nom du responsable de publication : Jean Paul Degheselle<\/p>\n\n\n\n<p>Contact du responsable de publication : t\u00e9l. 06 58 23 05 44 &#8211; direction.affable59@gmail.com<\/p>\n\n\n\n<p>Nom du WebMaster: Jean Paul Degheselle<\/p>\n\n\n\n<p>Contact email ou telephone du WebMaster : t\u00e9l. 06 58 23 05 44 &#8211; direction.affable59@gmail.com<\/p>\n\n\n\n<p>H\u00e9bergeur du site : OVH Roubaix<\/p>\n\n\n\n<p>Adresse postale de l&#8217;h\u00e9bergeur : 2 Rue Kellermann, 59100 Roubaix<\/p>\n\n\n\n<p>Le site est d\u00e9clar\u00e9 \u00e0 la CNIL : N\u00b0 147122v0<\/p>\n\n\n\n<p>L&#8217;ensemble de ce site rel\u00e8ve des l\u00e9gislations fran\u00e7aise et internationale sur le droit d&#8217;auteur et la propri\u00e9t\u00e9 intellectuelle. Tous les droits de reproduction sont r\u00e9serv\u00e9s, y compris pour les documents iconographiques et photographiques.<\/p>\n","protected":false},"excerpt":{"rendered":"<p>Conform\u00e9ment \u00e0 la loi nous avions d\u00e9j\u00e0 proc\u00e9d\u00e9 \u00e0 une d\u00e9claration de notre site Web aupr\u00e8s de la Commission Nationale Informatique et libert\u00e9s (CNIL) sous le num\u00e9ro N\u00b0 1471722v0. Afin d&#8217;\u00eatre conforme aux changements apport\u00e9s par la nouvelle r\u00e8glementation europ\u00e9enne relative \u00e0 la protection des donn\u00e9es personnelles (loi RGPD du 25 mai 2018) et dans [&hellip;]<\/p>\n","protected":false},"author":1,"featured_media":0,"parent":0,"menu_order":0,"comment_status":"closed","ping_status":"open","template":"","meta":{"footnotes":""},"_links":{"self":[{"href":"https:\/\/affable59.fr\/dj419799-ovh\/index.php\/wp-json\/wp\/v2\/pages\/3"}],"collection":[{"href":"https:\/\/affable59.fr\/dj419799-ovh\/index.php\/wp-json\/wp\/v2\/pages"}],"about":[{"href":"https:\/\/affable59.fr\/dj419799-ovh\/index.php\/wp-json\/wp\/v2\/types\/page"}],"author":[{"embeddable":true,"href":"https:\/\/affable59.fr\/dj419799-ovh\/index.php\/wp-json\/wp\/v2\/users\/1"}],"replies":[{"embeddable":true,"href":"https:\/\/affable59.fr\/dj419799-ovh\/index.php\/wp-json\/wp\/v2\/comments?post=3"}],"version-history":[{"count":4,"href":"https:\/\/affable59.fr\/dj419799-ovh\/index.php\/wp-json\/wp\/v2\/pages\/3\/revisions"}],"predecessor-version":[{"id":101,"href":"https:\/\/affable59.fr\/dj419799-ovh\/index.php\/wp-json\/wp\/v2\/pages\/3\/revisions\/101"}],"wp:attachment":[{"href":"https:\/\/affable59.fr\/dj419799-ovh\/index.php\/wp-json\/wp\/v2\/media?parent=3"}],"curies":[{"name":"wp","href":"https:\/\/api.w.org\/{rel}","templated":true}]}}