{"id":43,"date":"2022-03-15T18:47:07","date_gmt":"2022-03-15T17:47:07","guid":{"rendered":"http:\/\/affable59.fr\/dj419799-ovh\/?page_id=43"},"modified":"2023-07-27T18:31:14","modified_gmt":"2023-07-27T16:31:14","slug":"bienvenue","status":"publish","type":"page","link":"https:\/\/affable59.fr\/dj419799-ovh\/","title":{"rendered":"R\u00e9seau Affable Plus est un lieu d&#8217;\u00e9coute, d&#8217;\u00e9change et d&#8217;appui technique d\u00e9di\u00e9 \u00e0 l&#8217;Accueil familial"},"content":{"rendered":"\n<figure class=\"wp-block-gallery has-nested-images columns-3 is-cropped wp-block-gallery-1 is-layout-flex wp-block-gallery-is-layout-flex\">\n<figure class=\"wp-block-image size-full\"><img loading=\"lazy\" decoding=\"async\" width=\"857\" height=\"639\" data-id=\"578\" src=\"http:\/\/affable59.fr\/dj419799-ovh\/wp-content\/uploads\/2022\/08\/Capture-4.png\" alt=\"\" class=\"wp-image-578\" srcset=\"https:\/\/affable59.fr\/dj419799-ovh\/wp-content\/uploads\/2022\/08\/Capture-4.png 857w, https:\/\/affable59.fr\/dj419799-ovh\/wp-content\/uploads\/2022\/08\/Capture-4-300x224.png 300w, https:\/\/affable59.fr\/dj419799-ovh\/wp-content\/uploads\/2022\/08\/Capture-4-768x573.png 768w\" sizes=\"(max-width: 857px) 100vw, 857px\" \/><\/figure>\n\n\n\n<figure class=\"wp-block-image size-full\"><img loading=\"lazy\" decoding=\"async\" width=\"260\" height=\"315\" data-id=\"167\" src=\"http:\/\/affable59.fr\/dj419799-ovh\/wp-content\/uploads\/2022\/03\/wp76bcfeb3_05_06-1.jpg\" alt=\"\" class=\"wp-image-167\" srcset=\"https:\/\/affable59.fr\/dj419799-ovh\/wp-content\/uploads\/2022\/03\/wp76bcfeb3_05_06-1.jpg 260w, https:\/\/affable59.fr\/dj419799-ovh\/wp-content\/uploads\/2022\/03\/wp76bcfeb3_05_06-1-248x300.jpg 248w\" sizes=\"(max-width: 260px) 100vw, 260px\" \/><\/figure>\n\n\n\n<figure class=\"wp-block-image size-full\"><img loading=\"lazy\" decoding=\"async\" width=\"847\" height=\"565\" data-id=\"230\" src=\"http:\/\/affable59.fr\/dj419799-ovh\/wp-content\/uploads\/2022\/04\/Mains-HBGM.jpg\" alt=\"\" class=\"wp-image-230\" srcset=\"https:\/\/affable59.fr\/dj419799-ovh\/wp-content\/uploads\/2022\/04\/Mains-HBGM.jpg 847w, https:\/\/affable59.fr\/dj419799-ovh\/wp-content\/uploads\/2022\/04\/Mains-HBGM-300x200.jpg 300w, https:\/\/affable59.fr\/dj419799-ovh\/wp-content\/uploads\/2022\/04\/Mains-HBGM-768x512.jpg 768w\" sizes=\"(max-width: 847px) 100vw, 847px\" \/><\/figure>\n\n\n\n<figure class=\"wp-block-image size-full\"><img loading=\"lazy\" decoding=\"async\" width=\"848\" height=\"565\" data-id=\"231\" src=\"http:\/\/affable59.fr\/dj419799-ovh\/wp-content\/uploads\/2022\/04\/seniors-au-cafe.jpg\" alt=\"\" class=\"wp-image-231\" srcset=\"https:\/\/affable59.fr\/dj419799-ovh\/wp-content\/uploads\/2022\/04\/seniors-au-cafe.jpg 848w, https:\/\/affable59.fr\/dj419799-ovh\/wp-content\/uploads\/2022\/04\/seniors-au-cafe-300x200.jpg 300w, https:\/\/affable59.fr\/dj419799-ovh\/wp-content\/uploads\/2022\/04\/seniors-au-cafe-768x512.jpg 768w\" sizes=\"(max-width: 848px) 100vw, 848px\" \/><figcaption class=\"wp-element-caption\"><strong>L&#8217;accueil familial&#8230; une solution d&#8217;h\u00e9bergement et d&#8217;accompagnement \u00e0 visage humain<\/strong><\/figcaption><\/figure>\n<\/figure>\n\n\n\n<p><\/p>\n\n\n\n<div class=\"wp-block-media-text alignwide is-stacked-on-mobile\"><figure class=\"wp-block-media-text__media\"><img loading=\"lazy\" decoding=\"async\" width=\"567\" height=\"438\" src=\"http:\/\/affable59.fr\/dj419799-ovh\/wp-content\/uploads\/2023\/05\/Logo-AffablePlus.jpg\" alt=\"\" class=\"wp-image-673 size-full\" srcset=\"https:\/\/affable59.fr\/dj419799-ovh\/wp-content\/uploads\/2023\/05\/Logo-AffablePlus.jpg 567w, https:\/\/affable59.fr\/dj419799-ovh\/wp-content\/uploads\/2023\/05\/Logo-AffablePlus-300x232.jpg 300w\" sizes=\"(max-width: 567px) 100vw, 567px\" \/><\/figure><div class=\"wp-block-media-text__content\">\n<p class=\"has-black-color has-pale-cyan-blue-background-color has-text-color has-background\">Information au 08\/04\/2023 &#8211; Suite \u00e0 l&#8217;Assembl\u00e9e g\u00e9n\u00e9rale extraordinaire, l&#8217;association Affable59  cr\u00e9e en mai 2015 est dissoute\u2026 ( lire les articles r\u00e9cents) <strong>R\u00e9seau Affable Plus<\/strong> , Prestataire administratif de l&#8217;accueil familial a repris le r\u00e9seau et le secr\u00e9tariat d&#8217;affable 59 &#8211; un site internet et une page d&#8217;actualit\u00e9 Facebook d\u00e9di\u00e9s \u00e0 notre activit\u00e9 sera prochainement en place &#8211; t\u00e9l 03 28 22 06 73 ou 06 58 23 05 44 &#8211; affableplus@gmail.com<\/p>\n<\/div><\/div>\n\n\n\n<p>\/\/\/\/\/\/\/\/\/\/\/\/\/\/\/\/\/\/\/\/\/\/\/\/\/\/\/\/\/\/\/\/\/\/\/\/\/\/\/\/\/\/\/\/\/\/\/\/\/\/\/\/\/\/\/\/\/\/\/\/\/\/\/\/\/\/\/\/\/\/\/\/\/\/\/\/\/\/\/\/\/\/\/\/\/\/\/\/\/\/\/\/\/\/\/\/\/\/\/\/\/\/\/\/\/\/\/\/\/\/\/\/\/\/\/\/\/\/\/<\/p>\n\n\n\n<p><strong>Quel est l\u2019objet de ce site ?<\/strong><\/p>\n\n\n\n<p><\/p>\n\n\n\n<p>Mettre \u00e0 disposition une information sur les diff\u00e9rentes d\u00e9marches \u00e0 effectuer pour les accueillants familiaux agr\u00e9\u00e9s et les personnes accueillies, en respectant le cadre l\u00e9gal<\/p>\n\n\n\n<p><br>Mettre en relation, faire le lien entre les familles et\/ou les repr\u00e9sentants l\u00e9gaux des futurs personnes accueillies \u00e0 la recherche de places d&#8217;accueil avec les accueillants familiaux.<\/p>\n\n\n\n<p class=\"has-black-color has-pale-cyan-blue-background-color has-text-color has-background\"><strong>Simplifiez vous l&#8217;Accueil familial&#8230; <\/strong>\u00catre d\u00e9pendant mais accompagn\u00e9, heureux, et surtout dans un cadre familial chaleureux, c est possible avec l&#8217;accueil familial. De nombreux accueillants familiaux sont disponibles. L&#8217;association Affable59 apporte aux familles et aux repr\u00e9sentant l\u00e9gaux un appui technique et un accompagnement au quotidien par le biais d&#8217;un contrat d&#8217;assistance administrative<\/p>\n\n\n\n<p style=\"font-size:14px\">Que vous cherchiez ou non une place disponible en accueil familial, que vous \u00eates accueillant ou pr\u00eat \u00e0 le devenir, n&#8217;h\u00e9sitez pas \u00e0 nous faire part de vos remarques, vos id\u00e9es en nous contactant, car pour nous, c&#8217;est un moyen essentiel pour am\u00e9liorer ce site.<\/p>\n","protected":false},"excerpt":{"rendered":"<p>Information au 08\/04\/2023 &#8211; Suite \u00e0 l&#8217;Assembl\u00e9e g\u00e9n\u00e9rale extraordinaire, l&#8217;association Affable59 cr\u00e9e en mai 2015 est dissoute\u2026 ( lire les articles r\u00e9cents) R\u00e9seau Affable Plus , Prestataire administratif de l&#8217;accueil familial a repris le r\u00e9seau et le secr\u00e9tariat d&#8217;affable 59 &#8211; un site internet et une page d&#8217;actualit\u00e9 Facebook d\u00e9di\u00e9s \u00e0 notre activit\u00e9 sera prochainement [&hellip;]<\/p>\n","protected":false},"author":2,"featured_media":0,"parent":0,"menu_order":0,"comment_status":"closed","ping_status":"closed","template":"","meta":{"footnotes":""},"_links":{"self":[{"href":"https:\/\/affable59.fr\/dj419799-ovh\/index.php\/wp-json\/wp\/v2\/pages\/43"}],"collection":[{"href":"https:\/\/affable59.fr\/dj419799-ovh\/index.php\/wp-json\/wp\/v2\/pages"}],"about":[{"href":"https:\/\/affable59.fr\/dj419799-ovh\/index.php\/wp-json\/wp\/v2\/types\/page"}],"author":[{"embeddable":true,"href":"https:\/\/affable59.fr\/dj419799-ovh\/index.php\/wp-json\/wp\/v2\/users\/2"}],"replies":[{"embeddable":true,"href":"https:\/\/affable59.fr\/dj419799-ovh\/index.php\/wp-json\/wp\/v2\/comments?post=43"}],"version-history":[{"count":36,"href":"https:\/\/affable59.fr\/dj419799-ovh\/index.php\/wp-json\/wp\/v2\/pages\/43\/revisions"}],"predecessor-version":[{"id":706,"href":"https:\/\/affable59.fr\/dj419799-ovh\/index.php\/wp-json\/wp\/v2\/pages\/43\/revisions\/706"}],"wp:attachment":[{"href":"https:\/\/affable59.fr\/dj419799-ovh\/index.php\/wp-json\/wp\/v2\/media?parent=43"}],"curies":[{"name":"wp","href":"https:\/\/api.w.org\/{rel}","templated":true}]}}