{"id":472,"date":"2022-08-30T11:33:05","date_gmt":"2022-08-30T09:33:05","guid":{"rendered":"http:\/\/affable59.fr\/dj419799-ovh\/?page_id=472"},"modified":"2022-08-30T12:02:37","modified_gmt":"2022-08-30T10:02:37","slug":"paiement-mensuel","status":"publish","type":"page","link":"https:\/\/affable59.fr\/dj419799-ovh\/index.php\/paiement-mensuel\/","title":{"rendered":"Paiement Mensuel"},"content":{"rendered":"\n<p>Oui, je souhaite profiter de cette offre de service d&#8217;Affable 59 et payer mensuellement (sans aucun frais), la somme de 6\u20ac pendant 12 mois soit 72\u20ac par an.<\/p>\n\n\n\n<p>Le renouvellement de l&#8217;adh\u00e9sion annuel se fait par appel de cotisation envoy\u00e9 par messagerie par nos services.<\/p>\n\n\n\n<div id=\"paypal-button-container-P-5AL16230YY635923TMMG4SKA\"><\/div>\n<script src=\"https:\/\/www.paypal.com\/sdk\/js?client-id=AbWrsaMJPX8Or8hwbmaY-m3IS7MEJ1uobc3BxUTOyLBrRn_cL6yv-A8sEhmaBFyb29o3cYR3SzY5Tztr&amp;vault=true&amp;intent=subscription\" data-sdk-integration-source=\"button-factory\"><\/script>\n<script>\n  paypal.Buttons({\n      style: {\n          shape: 'rect',\n          color: 'gold',\n          layout: 'vertical',\n          label: 'subscribe'\n      },\n      createSubscription: function(data, actions) {\n        return actions.subscription.create({\n          \/* Creates the subscription *\/\n          plan_id: 'P-5AL16230YY635923TMMG4SKA'\n        });\n      },\n      onApprove: function(data, actions) {\n        alert(data.subscriptionID); \/\/ You can add optional success message for the subscriber here\n      }\n  }).render('#paypal-button-container-P-5AL16230YY635923TMMG4SKA'); \/\/ Renders the PayPal button\n<\/script>\n\n\n\n<p class=\"has-black-color has-luminous-vivid-amber-background-color has-text-color has-background\">Je compl\u00e8te ma demande d&#8217;adh\u00e9sion. D\u00e8s r\u00e9ception de votre r\u00e8glement , nous reviendrons vers vous pour finaliser votre demande<\/p>\n\n\n\n<div class=\"wp-block-contact-form-7-contact-form-selector\"><div role=\"form\" class=\"wpcf7\" id=\"wpcf7-f434-o1\" lang=\"fr-FR\" dir=\"ltr\">\n<div class=\"screen-reader-response\"><p role=\"status\" aria-live=\"polite\" aria-atomic=\"true\"><\/p> <ul><\/ul><\/div>\n<form action=\"\/dj419799-ovh\/index.php\/wp-json\/wp\/v2\/pages\/472#wpcf7-f434-o1\" method=\"post\" class=\"wpcf7-form init\" novalidate=\"novalidate\" data-status=\"init\">\n<div style=\"display: none;\">\n<input type=\"hidden\" name=\"_wpcf7\" value=\"434\" \/>\n<input type=\"hidden\" name=\"_wpcf7_version\" value=\"5.6.2\" \/>\n<input type=\"hidden\" name=\"_wpcf7_locale\" value=\"fr_FR\" \/>\n<input type=\"hidden\" name=\"_wpcf7_unit_tag\" value=\"wpcf7-f434-o1\" \/>\n<input type=\"hidden\" name=\"_wpcf7_container_post\" value=\"0\" \/>\n<input type=\"hidden\" name=\"_wpcf7_posted_data_hash\" value=\"\" \/>\n<\/div>\n<p><label> Votre nom et pr\u00e9nom<br \/>\n    <span class=\"wpcf7-form-control-wrap\" data-name=\"your-name\"><input type=\"text\" name=\"your-name\" value=\"\" size=\"40\" class=\"wpcf7-form-control wpcf7-text wpcf7-validates-as-required\" aria-required=\"true\" aria-invalid=\"false\" \/><\/span> <\/label><\/p>\n<p><label> Votre e-mail<br \/>\n    <span class=\"wpcf7-form-control-wrap\" data-name=\"your-email\"><input type=\"email\" name=\"your-email\" value=\"\" size=\"40\" class=\"wpcf7-form-control wpcf7-text wpcf7-email wpcf7-validates-as-required wpcf7-validates-as-email\" aria-required=\"true\" aria-invalid=\"false\" \/><\/span> <\/label><\/p>\n<p><label> Votre adresse<br \/>\n    <span class=\"wpcf7-form-control-wrap\" data-name=\"your-subject\"><input type=\"text\" name=\"your-subject\" value=\"\" size=\"40\" class=\"wpcf7-form-control wpcf7-text wpcf7-validates-as-required\" aria-required=\"true\" aria-invalid=\"false\" \/><\/span> <\/label><\/p>\n<p><label> Votre message (facultatif)<br \/>\n    <span class=\"wpcf7-form-control-wrap\" data-name=\"your-message\"><textarea name=\"your-message\" cols=\"40\" rows=\"10\" class=\"wpcf7-form-control wpcf7-textarea\" aria-invalid=\"false\"><\/textarea><\/span> <\/label><\/p>\n<p><input type=\"submit\" value=\"Envoyer\" class=\"wpcf7-form-control has-spinner wpcf7-submit\" \/><\/p>\n<div class=\"wpcf7-response-output\" aria-hidden=\"true\"><\/div><\/form><\/div><\/div>\n","protected":false},"excerpt":{"rendered":"<p>Oui, je souhaite profiter de cette offre de service d&#8217;Affable 59 et payer mensuellement (sans aucun frais), la somme de 6\u20ac pendant 12 mois soit 72\u20ac par an. Le renouvellement de l&#8217;adh\u00e9sion annuel se fait par appel de cotisation envoy\u00e9 par messagerie par nos services. Je compl\u00e8te ma demande d&#8217;adh\u00e9sion. D\u00e8s r\u00e9ception de votre r\u00e8glement [&hellip;]<\/p>\n","protected":false},"author":1,"featured_media":0,"parent":0,"menu_order":0,"comment_status":"closed","ping_status":"closed","template":"","meta":{"footnotes":""},"_links":{"self":[{"href":"https:\/\/affable59.fr\/dj419799-ovh\/index.php\/wp-json\/wp\/v2\/pages\/472"}],"collection":[{"href":"https:\/\/affable59.fr\/dj419799-ovh\/index.php\/wp-json\/wp\/v2\/pages"}],"about":[{"href":"https:\/\/affable59.fr\/dj419799-ovh\/index.php\/wp-json\/wp\/v2\/types\/page"}],"author":[{"embeddable":true,"href":"https:\/\/affable59.fr\/dj419799-ovh\/index.php\/wp-json\/wp\/v2\/users\/1"}],"replies":[{"embeddable":true,"href":"https:\/\/affable59.fr\/dj419799-ovh\/index.php\/wp-json\/wp\/v2\/comments?post=472"}],"version-history":[{"count":4,"href":"https:\/\/affable59.fr\/dj419799-ovh\/index.php\/wp-json\/wp\/v2\/pages\/472\/revisions"}],"predecessor-version":[{"id":488,"href":"https:\/\/affable59.fr\/dj419799-ovh\/index.php\/wp-json\/wp\/v2\/pages\/472\/revisions\/488"}],"wp:attachment":[{"href":"https:\/\/affable59.fr\/dj419799-ovh\/index.php\/wp-json\/wp\/v2\/media?parent=472"}],"curies":[{"name":"wp","href":"https:\/\/api.w.org\/{rel}","templated":true}]}}