{"id":587,"date":"2022-08-31T15:03:09","date_gmt":"2022-08-31T13:03:09","guid":{"rendered":"http:\/\/affable59.fr\/dj419799-ovh\/?page_id=587"},"modified":"2023-07-27T18:18:11","modified_gmt":"2023-07-27T16:18:11","slug":"espace-pro-2","status":"publish","type":"page","link":"https:\/\/affable59.fr\/dj419799-ovh\/index.php\/espace-pro-2\/","title":{"rendered":"Espace pro"},"content":{"rendered":"\n<p>Bienvenue dans l&#8217;espace r\u00e9serv\u00e9 aux accueillants familiaux, vous trouverez dans cette page des outils, des documents, des extensions qui devraient simplifier votre accueil&#8230;<\/p>\n\n\n\n<p>Pour \u00eatre parfaitement inform\u00e9 , ne &#8220;zappez&#8221; pas nos newsletters ( disponibles \u00e9galement sur notre <a href=\"https:\/\/www.facebook.com\/Accueil-Familial-Affable59-104660091086014\" data-type=\"URL\" data-id=\"https:\/\/www.facebook.com\/Accueil-Familial-Affable59-104660091086014\">page d&#8217;actualit\u00e9 Facebook<\/a>)  qui vous permettrons :<\/p>\n\n\n\n<ul>\n<li>d\u2019\u00eatre parfaitement inform\u00e9 de l&#8217;actualit\u00e9 sur l&#8217;accueil familial.<\/li>\n\n\n\n<li>et de disposer de fiches techniques et aussi des petites astuces<\/li>\n\n\n\n<li>Enfin de pr\u00e9cieux conseils pour optimiser VOTRE accueil. <\/li>\n<\/ul>\n\n\n\n<p><\/p>\n\n\n\n<hr class=\"wp-block-separator has-text-color has-luminous-vivid-orange-color has-alpha-channel-opacity has-luminous-vivid-orange-background-color has-background is-style-wide\"\/>\n\n\n\n<p>Ci-dessous le t\u00e9l\u00e9chargement des documents du cadre l\u00e9gal<\/p>\n\n\n\n<div class=\"wp-block-group is-nowrap is-layout-flex wp-container-core-group-is-layout-1 wp-block-group-is-layout-flex\">\n<div class=\"wp-block-buttons is-layout-flex wp-block-buttons-is-layout-flex\">\n<div class=\"wp-block-button has-custom-font-size\" style=\"font-size:16px\"><a class=\"wp-block-button__link wp-element-button\" href=\"http:\/\/affable59.fr\/dj419799-ovh\/index.php\/espace-pro\/referentiel-dagrement\/\" target=\"_blank\" rel=\"noreferrer noopener\">Le r\u00e9f\u00e9rentiel d&#8217;agr\u00e9ment &#8230;<\/a><\/div>\n\n\n\n<div class=\"wp-block-button has-custom-font-size\" style=\"font-size:16px\"><a class=\"wp-block-button__link wp-element-button\" href=\"http:\/\/affable59.fr\/dj419799-ovh\/wp-content\/uploads\/2022\/08\/demandeagrement_accueil_familial_2021-62ac9e8b77384.pdf\" target=\"_blank\" rel=\"noreferrer noopener\">La demande d&#8217;agr\u00e9ment&#8230;<\/a><\/div>\n<\/div>\n<\/div>\n\n\n\n<hr class=\"wp-block-separator has-text-color has-luminous-vivid-orange-color has-alpha-channel-opacity has-luminous-vivid-orange-background-color has-background is-style-wide\"\/>\n\n\n\n<p>Ci-dessous la page qui concerne le r\u00e8glement int\u00e9rieur et la demande d&#8217;adh\u00e9sion \u00e0 Affable59<\/p>\n\n\n\n<div class=\"wp-block-buttons is-layout-flex wp-block-buttons-is-layout-flex\">\n<div class=\"wp-block-button has-custom-font-size is-style-fill\" id=\"http:\/\/affable59.fr\/dj419799-ovh\/index.php\/espace-pro\/reglement-interieur\/\" style=\"font-size:16px\"><a class=\"wp-block-button__link wp-element-button\" href=\"http:\/\/affable59.fr\/dj419799-ovh\/index.php\/espace-pro\/reglement-interieur\/\" target=\"_blank\" rel=\"noreferrer noopener\">R\u00e8glement int\u00e9rieur du r\u00e9seau Affable Plus<\/a><\/div>\n<\/div>\n\n\n\n<div class=\"wp-block-buttons is-layout-flex wp-block-buttons-is-layout-flex\">\n<div class=\"wp-block-button has-custom-font-size\" style=\"font-size:24px\"><a class=\"wp-block-button__link has-vivid-purple-background-color has-background wp-element-button\" href=\"http:\/\/affable59.fr\/dj419799-ovh\/index.php\/espace-pro\/devenir-adherent-actif\/\">Adh\u00e9sion Accueillant familial<\/a><\/div>\n<\/div>\n\n\n\n<hr class=\"wp-block-separator has-text-color has-luminous-vivid-orange-color has-alpha-channel-opacity has-luminous-vivid-orange-background-color has-background is-style-wide\"\/>\n\n\n\n<p class=\"has-medium-font-size\"><strong>Vous souhaitez obtenir un document du cadre l\u00e9gal ou faire une demande particuli\u00e8re : <\/strong><\/p>\n\n\n\n<p>Utilisez le formulaire ci-dessous pour une r\u00e9ponse rapide<\/p>\n\n\n\n<div class=\"wp-block-contact-form-7-contact-form-selector\"><div role=\"form\" class=\"wpcf7\" id=\"wpcf7-f148-o1\" lang=\"fr-FR\" dir=\"ltr\">\n<div class=\"screen-reader-response\"><p role=\"status\" aria-live=\"polite\" aria-atomic=\"true\"><\/p> <ul><\/ul><\/div>\n<form action=\"\/dj419799-ovh\/index.php\/wp-json\/wp\/v2\/pages\/587#wpcf7-f148-o1\" method=\"post\" class=\"wpcf7-form init\" novalidate=\"novalidate\" data-status=\"init\">\n<div style=\"display: none;\">\n<input type=\"hidden\" name=\"_wpcf7\" value=\"148\" \/>\n<input type=\"hidden\" name=\"_wpcf7_version\" value=\"5.6.2\" \/>\n<input type=\"hidden\" name=\"_wpcf7_locale\" value=\"fr_FR\" \/>\n<input type=\"hidden\" name=\"_wpcf7_unit_tag\" value=\"wpcf7-f148-o1\" \/>\n<input type=\"hidden\" name=\"_wpcf7_container_post\" value=\"0\" \/>\n<input type=\"hidden\" name=\"_wpcf7_posted_data_hash\" value=\"\" \/>\n<\/div>\n<p><label> Votre nom<br \/>\n    <span class=\"wpcf7-form-control-wrap\" data-name=\"your-name\"><input type=\"text\" name=\"your-name\" value=\"\" size=\"40\" class=\"wpcf7-form-control wpcf7-text wpcf7-validates-as-required\" aria-required=\"true\" aria-invalid=\"false\" \/><\/span> <\/label><\/p>\n<p><label> Votre e-mail<br \/>\n    <span class=\"wpcf7-form-control-wrap\" data-name=\"your-email\"><input type=\"email\" name=\"your-email\" value=\"\" size=\"40\" class=\"wpcf7-form-control wpcf7-text wpcf7-email wpcf7-validates-as-required wpcf7-validates-as-email\" aria-required=\"true\" aria-invalid=\"false\" \/><\/span> <\/label><\/p>\n<p><label> Votre T\u00e9l\u00e9phone<br \/>\n     <span class=\"wpcf7-form-control-wrap\" data-name=\"tel-695\"><input type=\"tel\" name=\"tel-695\" value=\"\" size=\"40\" class=\"wpcf7-form-control wpcf7-text wpcf7-tel wpcf7-validates-as-tel\" aria-invalid=\"false\" \/><\/span> <\/label><\/p>\n<p><label> Objet<br \/>\n    <span class=\"wpcf7-form-control-wrap\" data-name=\"Votreobjet\"><select name=\"Votreobjet\" class=\"wpcf7-form-control wpcf7-select wpcf7-validates-as-required\" aria-required=\"true\" aria-invalid=\"false\"><option value=\"Inscription Newsletter\">Inscription Newsletter<\/option><option value=\"Documentation Adh\u00e9sion\">Documentation Adh\u00e9sion<\/option><option value=\"Relev\u00e9 d&#039;information\">Relev\u00e9 d&#039;information<\/option><option value=\"Relev\u00e9 d&#039;absence\/d&#039;informations\">Relev\u00e9 d&#039;absence\/d&#039;informations<\/option><option value=\"Je postule \u00e0 une mise en relation\">Je postule \u00e0 une mise en relation<\/option><option value=\"Je dispose d&#039;une chambre libre\">Je dispose d&#039;une chambre libre<\/option><option value=\"Je recherche une rempla\u00e7ante \u00e0 domicile\">Je recherche une rempla\u00e7ante \u00e0 domicile<\/option><option value=\"Je recherche un relais pour mes cong\u00e9s\">Je recherche un relais pour mes cong\u00e9s<\/option><option value=\"Je souhaite devenir rempla\u00e7ant\">Je souhaite devenir rempla\u00e7ant<\/option><option value=\"Je recherche un document du cadre l\u00e9gal\">Je recherche un document du cadre l\u00e9gal<\/option><\/select><\/span> <\/label><\/p>\n<p><label> Votre message<br \/>\n    <span class=\"wpcf7-form-control-wrap\" data-name=\"your-message\"><textarea name=\"your-message\" cols=\"40\" rows=\"10\" class=\"wpcf7-form-control wpcf7-textarea\" aria-invalid=\"false\"><\/textarea><\/span> <\/label><\/p>\n<p><input type=\"submit\" value=\"Envoyer\" class=\"wpcf7-form-control has-spinner wpcf7-submit\" \/><\/p>\n<div class=\"wpcf7-response-output\" aria-hidden=\"true\"><\/div><\/form><\/div><\/div>\n","protected":false},"excerpt":{"rendered":"<p>Bienvenue dans l&#8217;espace r\u00e9serv\u00e9 aux accueillants familiaux, vous trouverez dans cette page des outils, des documents, des extensions qui devraient simplifier votre accueil&#8230; Pour \u00eatre parfaitement inform\u00e9 , ne &#8220;zappez&#8221; pas nos newsletters ( disponibles \u00e9galement sur notre page d&#8217;actualit\u00e9 Facebook) qui vous permettrons : Ci-dessous le t\u00e9l\u00e9chargement des documents du cadre l\u00e9gal Ci-dessous la [&hellip;]<\/p>\n","protected":false},"author":1,"featured_media":0,"parent":0,"menu_order":0,"comment_status":"closed","ping_status":"closed","template":"","meta":{"footnotes":""},"_links":{"self":[{"href":"https:\/\/affable59.fr\/dj419799-ovh\/index.php\/wp-json\/wp\/v2\/pages\/587"}],"collection":[{"href":"https:\/\/affable59.fr\/dj419799-ovh\/index.php\/wp-json\/wp\/v2\/pages"}],"about":[{"href":"https:\/\/affable59.fr\/dj419799-ovh\/index.php\/wp-json\/wp\/v2\/types\/page"}],"author":[{"embeddable":true,"href":"https:\/\/affable59.fr\/dj419799-ovh\/index.php\/wp-json\/wp\/v2\/users\/1"}],"replies":[{"embeddable":true,"href":"https:\/\/affable59.fr\/dj419799-ovh\/index.php\/wp-json\/wp\/v2\/comments?post=587"}],"version-history":[{"count":3,"href":"https:\/\/affable59.fr\/dj419799-ovh\/index.php\/wp-json\/wp\/v2\/pages\/587\/revisions"}],"predecessor-version":[{"id":694,"href":"https:\/\/affable59.fr\/dj419799-ovh\/index.php\/wp-json\/wp\/v2\/pages\/587\/revisions\/694"}],"wp:attachment":[{"href":"https:\/\/affable59.fr\/dj419799-ovh\/index.php\/wp-json\/wp\/v2\/media?parent=587"}],"curies":[{"name":"wp","href":"https:\/\/api.w.org\/{rel}","templated":true}]}}