{"id":71,"date":"2022-03-18T15:09:06","date_gmt":"2022-03-18T14:09:06","guid":{"rendered":"http:\/\/affable59.fr\/dj419799-ovh\/?page_id=71"},"modified":"2022-08-29T13:58:27","modified_gmt":"2022-08-29T11:58:27","slug":"laffable-cest-qui-cest-quoi","status":"publish","type":"page","link":"https:\/\/affable59.fr\/dj419799-ovh\/index.php\/laffable-cest-qui-cest-quoi\/","title":{"rendered":"L&#8217;AFFABLE, c&#8217;est qui, c&#8217;est quoi ?"},"content":{"rendered":"\n<p class=\"has-black-color has-pale-cyan-blue-background-color has-text-color has-background\"><em>\u00ab&nbsp;Affable, se dit d\u2019une personne aimable et souriante \u00e0 qui on peut parler, qui \u00e9coute et comprend.&nbsp;\u00bb<\/em><\/p>\n\n\n\n<p>En 8 ans, les trois quarts des accueillants familiaux se sont rassembl\u00e9s autour de l\u2019association<strong> <\/strong>AFFABLE59 qui milite pour un h\u00e9bergement de qualit\u00e9 o\u00f9 l\u2019accompagnement personnalis\u00e9 et professionnalis\u00e9 est de mise. Valoriser et \u00e9lever l\u2019image de nos micro-structures \u00e0 taille humaine &#8211; Promouvoir le \u00ab prendre soin \u00bb, \u00ab la bientraitance \u00bb, respecter le projet d\u2019accueil personnalis\u00e9, veiller \u00e0 l\u2019application de la charte de la personne accueillie\u2026 voici, notre cr\u00e9do et celui des adh\u00e9rents qui soutiennent l\u2019association !<\/p>\n\n\n\n<p><em>Vous \u00eates famille d\u2019accueil, vous vous sentez isol\u00e9, vous avez des questions sans r\u00e9ponse alors venez rejoindre notre r\u00e9seau, c&#8217;est avec plaisir que nous vous accueillerons.<br>Un de nos objectifs majeurs est de favoriser et de d\u00e9velopper le lien entre nos familles d\u2019accueil et nos personnes accueillies.<\/em><\/p>\n\n\n\n<p><em>Vous \u00eates familles naturelles, repr\u00e9sentant l\u00e9gaux \u00e0 la recherche d\u2019un h\u00e9bergement pour un proche, nous sommes \u00e0 l\u2019\u00e9coute des attentes des personnes \u00e2g\u00e9es ou handicap\u00e9es en perte d\u2019autonomie. Avec notre aide, Nous participerons au maintien de leur bien-\u00eatre physique, mental et assurerons le lien social. L\u2019association Affable59 vous accompagne \u00e9galement dans vos d\u00e9marches administratives.<\/em><\/p>\n\n\n\n<p><br>Enfin, Affable59 association d\u00e9partementale ind\u00e9pendante est une force de propositions aupr\u00e8s des institutions<\/p>\n\n\n\n<p>Sur ce site , les accueillants familiaux et les futurs accueillis trouverons des informations et des r\u00e9ponses aux questions ainsi que des outils pratiques qui respecte le cade r\u00e9glementaire : Relev\u00e9s des contreparties financi\u00e8res, contrats d\u2019accueil, avenants, annexes au contrat, fiches de liaison pour les absences et bien d&#8217;autres encore\u2026 le projet d\u2019accueil personnalis\u00e9, la charte de la personne accueillies<\/p>\n\n\n\n<p>Pr\u00e9sent sur le terrain, sur l\u2019ensemble des territoires, au plus pr\u00e8s des familles d\u2019accueil mais \u00e9galement des accueillis et des familles naturelles, nous sommes tr\u00e8s r\u00e9actifs aux probl\u00e8mes rencontr\u00e9s, nous apportons une solution adapt\u00e9e.<\/p>\n\n\n\n<p>Pour agir en toute ind\u00e9pendance, Affable59 a choisi de ne b\u00e9n\u00e9ficier d\u2019aucune subvention, son financement est assur\u00e9 uniquement par les cotisations de ses adh\u00e9rents et par des prestations de services aupr\u00e8s de repr\u00e9sentants l\u00e9gaux des personnes accueillies.<\/p>\n\n\n\n<p class=\"has-black-color has-pale-cyan-blue-background-color has-text-color has-background\">Affable59 est un lieu d&#8217;\u00e9coute, d\u2019\u00e9change et d&#8217;appui technique d\u00e9di\u00e9 aux acteurs de l&#8217;accueil familial du D\u00e9partement du Nord.<\/p>\n\n\n\n<p>Jean-Paul DEGHESELLE, Pr\u00e9sident fondateur d\u2019Affable59<\/p>\n","protected":false},"excerpt":{"rendered":"<p>\u00ab&nbsp;Affable, se dit d\u2019une personne aimable et souriante \u00e0 qui on peut parler, qui \u00e9coute et comprend.&nbsp;\u00bb En 8 ans, les trois quarts des accueillants familiaux se sont rassembl\u00e9s autour de l\u2019association AFFABLE59 qui milite pour un h\u00e9bergement de qualit\u00e9 o\u00f9 l\u2019accompagnement personnalis\u00e9 et professionnalis\u00e9 est de mise. Valoriser et \u00e9lever l\u2019image de nos micro-structures [&hellip;]<\/p>\n","protected":false},"author":1,"featured_media":0,"parent":0,"menu_order":0,"comment_status":"closed","ping_status":"closed","template":"","meta":{"footnotes":""},"_links":{"self":[{"href":"https:\/\/affable59.fr\/dj419799-ovh\/index.php\/wp-json\/wp\/v2\/pages\/71"}],"collection":[{"href":"https:\/\/affable59.fr\/dj419799-ovh\/index.php\/wp-json\/wp\/v2\/pages"}],"about":[{"href":"https:\/\/affable59.fr\/dj419799-ovh\/index.php\/wp-json\/wp\/v2\/types\/page"}],"author":[{"embeddable":true,"href":"https:\/\/affable59.fr\/dj419799-ovh\/index.php\/wp-json\/wp\/v2\/users\/1"}],"replies":[{"embeddable":true,"href":"https:\/\/affable59.fr\/dj419799-ovh\/index.php\/wp-json\/wp\/v2\/comments?post=71"}],"version-history":[{"count":5,"href":"https:\/\/affable59.fr\/dj419799-ovh\/index.php\/wp-json\/wp\/v2\/pages\/71\/revisions"}],"predecessor-version":[{"id":357,"href":"https:\/\/affable59.fr\/dj419799-ovh\/index.php\/wp-json\/wp\/v2\/pages\/71\/revisions\/357"}],"wp:attachment":[{"href":"https:\/\/affable59.fr\/dj419799-ovh\/index.php\/wp-json\/wp\/v2\/media?parent=71"}],"curies":[{"name":"wp","href":"https:\/\/api.w.org\/{rel}","templated":true}]}}