{"id":95,"date":"2022-03-23T10:49:58","date_gmt":"2022-03-23T09:49:58","guid":{"rendered":"http:\/\/affable59.fr\/dj419799-ovh\/?page_id=95"},"modified":"2022-03-24T12:17:50","modified_gmt":"2022-03-24T11:17:50","slug":"le-blog","status":"publish","type":"page","link":"https:\/\/affable59.fr\/dj419799-ovh\/index.php\/le-blog\/","title":{"rendered":"Le Blog"},"content":{"rendered":"\n<div class=\"wp-block-query is-layout-flow wp-block-query-is-layout-flow\"><ul class=\"is-flex-container columns-3 wp-block-post-template is-layout-flow wp-block-post-template-is-layout-flow\"><li class=\"wp-block-post post-666 post type-post status-publish format-standard hentry category-actu\">\n<h2 class=\"wp-block-post-title\">R\u00e9seau Affable Plus \/Accueil familial \/ Dissolution d&#8217;Affable59 Cr\u00e9ation de R\u00e9seau Affable Plus<\/h2>\n\n<div class=\"wp-block-post-date\"><time datetime=\"2023-04-12T17:43:11+02:00\">12 avril 2023<\/time><\/div>\n\n<div class=\"wp-block-post-excerpt\"><p class=\"wp-block-post-excerpt__excerpt\">Le 11\/04\/2023 Cher Accueillant familial Ces derni\u00e8res semaines particuli\u00e8rement charg\u00e9es auront permit la dissolution d&#8217;Affable59 pour les raisons que j&#8217;ai \u00e9voqu\u00e9 dans la newsletter du 22\/03\/2023.Ce Samedi 8 avril, \u00e0 l&#8217;occasion de cette assembl\u00e9e g\u00e9n\u00e9rale extraordinaire, j&#8217;ai sollicit\u00e9 et obtenu la confiance de nos adh\u00e9rents pour mettre en place les r\u00e9solutions suivantes : la dissolution\u2026 <\/p><\/div>\n<\/li><li class=\"wp-block-post post-663 post type-post status-publish format-standard hentry category-actu\">\n<h2 class=\"wp-block-post-title\">Affable59 \/Accueil familial \/Assembl\u00e9e G\u00e9n\u00e9rale Extraordinaire<\/h2>\n\n<div class=\"wp-block-post-date\"><time datetime=\"2023-04-12T14:26:18+02:00\">12 avril 2023<\/time><\/div>\n\n<div class=\"wp-block-post-excerpt\"><p class=\"wp-block-post-excerpt__excerpt\">l Newsletter du 08\/03\/2023&#8230; En mai 2015, au lancement de l&#8217;association Affable59, nous nous sommes donn\u00e9s pour mission d\u2019offrir aux accueillants le meilleur soutien pour conforter leur agr\u00e9ment et faire la promotion de l&#8217;Accueil familial. Tr\u00e8s vite, devant une situation administrative calamiteuse et l&#8217;ampleur des besoins, nous nous sommes trouv\u00e9s dans l&#8217;obligation de mettre en\u2026 <\/p><\/div>\n<\/li><li class=\"wp-block-post post-258 post type-post status-publish format-standard has-post-thumbnail hentry category-actu\">\n<h2 class=\"wp-block-post-title\">Revalorisation Prestations sociales et familiales &#8211; Hausse du SMIC \u00e0 venir<\/h2>\n\n<div class=\"wp-block-post-date\"><time datetime=\"2022-04-02T17:54:57+02:00\">2 avril 2022<\/time><\/div>\n\n<div class=\"wp-block-post-excerpt\"><p class=\"wp-block-post-excerpt__excerpt\">Lettre du 31\/03\/2022&nbsp; adress\u00e9e aux Accueillants familiaux&nbsp; du D\u00e9partement du NORD &#8211; copie aux accueillis et familles naturelles &nbsp; Revalorisation Prestations sociales et familiales &#8211; Hausse du SMIC \u00e0 venir \u00a0 Madame, Monsieur \u00a0 Chez affable59, nous sommes \u00e0 l&#8217;affut de la moindre information confirm\u00e9e qui pourrait \u00e9ventuellement limiter l&#8217;impact de l&#8217;inflation galopante. Attentif \u00e0\u2026 <\/p><\/div>\n<\/li><li class=\"wp-block-post post-681 post type-post status-publish format-standard hentry category-actu\">\n<h2 class=\"wp-block-post-title\">D\u00e9claration des revenus de 2022<\/h2>\n\n<div class=\"wp-block-post-date\"><time datetime=\"2023-05-26T07:35:01+02:00\">26 mai 2023<\/time><\/div>\n\n<div class=\"wp-block-post-excerpt\"><p class=\"wp-block-post-excerpt__excerpt\">Newsletter du 06\/05\/2023 &#8211; A l&#8217;attention de la personne accueillie, son r\u00e9f\u00e9rent familial ou son repr\u00e9sentant l\u00e9gal. Madame, Monsieur, Depuis 2019 et la d\u00e9claration obligatoire au CESU service de URSSAF concernant les d\u00e9clarations mensuelles des contreparties financi\u00e8res des accueillants familiaux, chaque particulier employeur est aujourdhui \u00e0 l&#8217;abri des omissions et parfois des malversations rencontr\u00e9es lors\u2026 <\/p><\/div>\n<\/li><li class=\"wp-block-post post-661 post type-post status-publish format-standard hentry category-actu\">\n<h2 class=\"wp-block-post-title\"><strong>Perte d&#8217;autonomie et handicap\u2009:les chantiers 2023 de la CNSA<\/strong><\/h2>\n\n<div class=\"wp-block-post-date\"><time datetime=\"2023-02-10T12:01:42+01:00\">10 f\u00e9vrier 2023<\/time><\/div>\n\n<div class=\"wp-block-post-excerpt\"><p class=\"wp-block-post-excerpt__excerpt\">Distribution News&#8230;.Newsletter distribu\u00e9e \u00e0 2850 destinataires : Accueillants, representants l\u00e9gaux, familles naturelles, acteurs de l&#8217;accueil familial , Conseillers d\u00e9partementaux, d\u00e9put\u00e9s et s\u00e9nateurs, Elus et politiques, services du D\u00e9partement du Nord, professionnels de sant\u00e9, Associations d\u00e9di\u00e9es \u00e0 l&#8217;autonomie des personnes ag\u00e9e et\/ou en situtation de handicap et associations repr\u00e9sentatives des Accueillants de France. Perte d&#8217;autonomie et\u2026 <\/p><\/div>\n<\/li><li class=\"wp-block-post post-655 post type-post status-publish format-standard hentry category-actu\">\n<h2 class=\"wp-block-post-title\">Revalorisation annuelle du SMIC\u2026<\/h2>\n\n<div class=\"wp-block-post-date\"><time datetime=\"2023-01-04T10:26:30+01:00\">4 janvier 2023<\/time><\/div>\n\n<div class=\"wp-block-post-excerpt\"><p class=\"wp-block-post-excerpt__excerpt\">Comme chaque ann\u00e9e, apr\u00e8s les f\u00eates de famille et notre petite p\u00e9riode de veille administrative, Affable59 se remets vite au boulot, l&#8217;Accueil familial n&#8217;attends pas !Notre premi\u00e8re tache est de pr\u00e9parer les v\u0153ux et c&#8217;est avec plaisir que je prendrai le temps de r\u00e9pondre personnellement \u00e0 chaque marque de sympathie, de bienveillance et d&#8217;encouragement..Tout de\u2026 <\/p><\/div>\n<\/li><li class=\"wp-block-post post-628 post type-post status-publish format-standard hentry category-actu\">\n<h2 class=\"wp-block-post-title\">Cesu\u2026 Acteur de l&#8217;accueil familial ?<\/h2>\n\n<div class=\"wp-block-post-date\"><time datetime=\"2022-11-14T17:43:13+01:00\">14 novembre 2022<\/time><\/div>\n\n<div class=\"wp-block-post-excerpt\"><p class=\"wp-block-post-excerpt__excerpt\">Affable59 \/Accueil familial \/ News du 15\/11\/2022 \/ CESU&#8230; Acteur de l&#8217;accueil familial ? Newsletter distribu\u00e9e \u00e0 2850 destinataires : Accueillants, repr\u00e9sentants l\u00e9gaux, familles naturelles, acteurs de l&#8217;accueil familial , Conseillers d\u00e9partementaux, d\u00e9put\u00e9s et s\u00e9nateurs, \u00c9lus et politiques, services du D\u00e9partement du Nord, professionnels de sant\u00e9, Associations d\u00e9di\u00e9es \u00e0 l&#8217;autonomie des personnes \u00e2g\u00e9es et\/ou en\u2026 <\/p><\/div>\n<\/li><\/ul>\n\n<nav class=\"wp-block-query-pagination is-layout-flex wp-block-query-pagination-is-layout-flex\" aria-label=\"Pagination\">\n\n\n<div class=\"wp-block-query-pagination-numbers\"><span aria-current=\"page\" class=\"page-numbers current\">1<\/span>\n<a class=\"page-numbers\" href=\"?query-38-page=2\">2<\/a>\n<a class=\"page-numbers\" href=\"?query-38-page=3\">3<\/a>\n<span class=\"page-numbers dots\">\u2026<\/span>\n<a class=\"page-numbers\" href=\"?query-38-page=6\">6<\/a><\/div>\n\n<a href=\"\/dj419799-ovh\/index.php\/wp-json\/wp\/v2\/pages\/95?query-38-page=2\" class=\"wp-block-query-pagination-next\">Page suivante<\/a>\n<\/nav><\/div>\n","protected":false},"excerpt":{"rendered":"","protected":false},"author":1,"featured_media":0,"parent":0,"menu_order":0,"comment_status":"closed","ping_status":"closed","template":"","meta":{"footnotes":""},"_links":{"self":[{"href":"https:\/\/affable59.fr\/dj419799-ovh\/index.php\/wp-json\/wp\/v2\/pages\/95"}],"collection":[{"href":"https:\/\/affable59.fr\/dj419799-ovh\/index.php\/wp-json\/wp\/v2\/pages"}],"about":[{"href":"https:\/\/affable59.fr\/dj419799-ovh\/index.php\/wp-json\/wp\/v2\/types\/page"}],"author":[{"embeddable":true,"href":"https:\/\/affable59.fr\/dj419799-ovh\/index.php\/wp-json\/wp\/v2\/users\/1"}],"replies":[{"embeddable":true,"href":"https:\/\/affable59.fr\/dj419799-ovh\/index.php\/wp-json\/wp\/v2\/comments?post=95"}],"version-history":[{"count":3,"href":"https:\/\/affable59.fr\/dj419799-ovh\/index.php\/wp-json\/wp\/v2\/pages\/95\/revisions"}],"predecessor-version":[{"id":103,"href":"https:\/\/affable59.fr\/dj419799-ovh\/index.php\/wp-json\/wp\/v2\/pages\/95\/revisions\/103"}],"wp:attachment":[{"href":"https:\/\/affable59.fr\/dj419799-ovh\/index.php\/wp-json\/wp\/v2\/media?parent=95"}],"curies":[{"name":"wp","href":"https:\/\/api.w.org\/{rel}","templated":true}]}}